{"id":166,"date":"2020-08-19T10:22:05","date_gmt":"2020-08-19T10:22:05","guid":{"rendered":"https:\/\/demo.casethemes.net\/bixol\/?page_id=166"},"modified":"2026-04-13T09:37:15","modified_gmt":"2026-04-13T07:37:15","slug":"contact","status":"publish","type":"page","link":"https:\/\/www.periactes.com\/en\/contact\/","title":{"rendered":"Contact"},"content":{"rendered":"<div data-elementor-type=\"wp-page\" data-elementor-id=\"166\" class=\"elementor elementor-166\" data-elementor-settings=\"[]\">\n\t\t\t\t\t\t\t<div class=\"elementor-section-wrap\">\n\t\t\t\t\t        <section class=\"elementor-section elementor-top-section elementor-element elementor-element-6875ece elementor-section-stretched elementor-section-boxed elementor-section-height-default elementor-section-height-default\" data-id=\"6875ece\" data-element_type=\"section\" data-settings=\"{&quot;stretch_section&quot;:&quot;section-stretched&quot;,&quot;background_background&quot;:&quot;classic&quot;}\">\n            \n                        <div class=\"elementor-container elementor-column-gap-extended\">\n                    <div class=\"elementor-column elementor-col-50 elementor-top-column elementor-element elementor-element-42daa29\" data-id=\"42daa29\" data-element_type=\"column\">\n            <div class=\"elementor-widget-wrap elementor-element-populated\">\n                        \t\t<div class=\"elementor-element elementor-element-d5f0449 elementor-widget elementor-widget-ct_heading\" data-id=\"d5f0449\" data-element_type=\"widget\" data-widget_type=\"ct_heading.default\">\n\t\t\t\t<div class=\"elementor-widget-container\">\n\t\t\t<div class=\"ct-heading h-align-  ct-heading-left item-st-default\" data-wow-delay=\"ms\">\r\n\t\t\t<div class=\"item--sub-title st-default\">\r\n            <div class=\"item--sub-title-inner\">\r\n                                    <div class=\"icon-sub-title\">\r\n                        <svg version=\"1.0\" xmlns=\"http:\/\/www.w3.org\/2000\/svg\" viewbox=\"0 0 382.000000 382.000000\" preserveaspectratio=\"xMidYMid meet\">\r\n                            <defs>\r\n                                <lineargradient id=\"sub-icon1\" x1=\"0%\" y1=\"0%\" x2=\"0%\" y2=\"100%\">\r\n                                      <stop offset=\"0%\" style=\"stop-color:#0a0000;stop-opacity:1\" \/>\r\n                                      <stop offset=\"100%\" style=\"stop-color:#0a0000;stop-opacity:1\" \/>\r\n                                <\/lineargradient>\r\n                              <\/defs>\r\n                            <g fill=\"url(#sub-icon1)\" transform=\"translate(0.000000,382.000000) scale(0.100000,-0.100000)\" stroke=\"none\"><path d=\"M1856 3797 c-20 -20 -23 -36 -29 -142 -50 -901 -761 -1612 -1662 -1662 -106 -6 -122 -9 -142 -29 -30 -30 -30 -78 0 -108 20 -20 36 -23 142 -29 901 -50 1612 -761 1662 -1662 6 -106 9 -122 29 -142 30 -30 78 -30 108 0 20 20 23 36 29 142 50 901 761 1612 1662 1662 106 6 122 9 142 29 30 30 30 78 0 108 -20 20 -36 23 -142 29 -901 50 -1612 761 -1662 1662 -6 106 -9 122 -29 142 -14 14 -35 23 -54 23 -19 0 -40 -9 -54 -23z\"\/><\/g>\r\n                        <\/svg>\r\n                        <svg version=\"1.0\" xmlns=\"http:\/\/www.w3.org\/2000\/svg\" viewbox=\"0 0 382.000000 382.000000\" preserveaspectratio=\"xMidYMid meet\">\r\n                            <defs>\r\n                                <lineargradient id=\"sub-icon2\" x1=\"0%\" y1=\"0%\" x2=\"0%\" y2=\"100%\">\r\n                                      <stop offset=\"0%\" style=\"stop-color:#0a0000;stop-opacity:1\" \/>\r\n                                      <stop offset=\"100%\" style=\"stop-color:#0a0000;stop-opacity:1\" \/>\r\n                                <\/lineargradient>\r\n                              <\/defs>\r\n                            <g fill=\"url(#sub-icon2)\" transform=\"translate(0.000000,382.000000) scale(0.100000,-0.100000)\" stroke=\"none\"><path d=\"M1856 3797 c-20 -20 -23 -36 -29 -142 -50 -901 -761 -1612 -1662 -1662 -106 -6 -122 -9 -142 -29 -30 -30 -30 -78 0 -108 20 -20 36 -23 142 -29 901 -50 1612 -761 1662 -1662 6 -106 9 -122 29 -142 30 -30 78 -30 108 0 20 20 23 36 29 142 50 901 761 1612 1662 1662 106 6 122 9 142 29 30 30 30 78 0 108 -20 20 -36 23 -142 29 -901 50 -1612 761 -1662 1662 -6 106 -9 122 -29 142 -14 14 -35 23 -54 23 -19 0 -40 -9 -54 -23z\"\/><\/g>\r\n                        <\/svg>\r\n                        <svg version=\"1.0\" xmlns=\"http:\/\/www.w3.org\/2000\/svg\" viewbox=\"0 0 382.000000 382.000000\" preserveaspectratio=\"xMidYMid meet\">\r\n                            <defs>\r\n                                <lineargradient id=\"sub-icon3\" x1=\"0%\" y1=\"0%\" x2=\"0%\" y2=\"100%\">\r\n                                      <stop offset=\"0%\" style=\"stop-color:#0a0000;stop-opacity:1\" \/>\r\n                                      <stop offset=\"100%\" style=\"stop-color:#0a0000;stop-opacity:1\" \/>\r\n                                <\/lineargradient>\r\n                              <\/defs>\r\n                            <g fill=\"url(#sub-icon3)\" transform=\"translate(0.000000,382.000000) scale(0.100000,-0.100000)\" stroke=\"none\"><path d=\"M1856 3797 c-20 -20 -23 -36 -29 -142 -50 -901 -761 -1612 -1662 -1662 -106 -6 -122 -9 -142 -29 -30 -30 -30 -78 0 -108 20 -20 36 -23 142 -29 901 -50 1612 -761 1662 -1662 6 -106 9 -122 29 -142 30 -30 78 -30 108 0 20 20 23 36 29 142 50 901 761 1612 1662 1662 106 6 122 9 142 29 30 30 30 78 0 108 -20 20 -36 23 -142 29 -901 50 -1612 761 -1662 1662 -6 106 -9 122 -29 142 -14 14 -35 23 -54 23 -19 0 -40 -9 -54 -23z\"\/><\/g>\r\n                        <\/svg>\r\n                    <\/div>\r\n                                Contactez nous            <\/div>\r\n        <\/div>\r\n\t    <h3 class=\"item--title st-default\">\r\n        <span>\r\n            Trouvez nos coordonn\u00e9es  <small>pour nous joindre plus facilement.<\/small>        <\/span>\r\n    <\/h3>\r\n<\/div>\t\t<\/div>\n\t\t\t\t<\/div>\n\t\t\t\t<div class=\"elementor-element elementor-element-10daed67 elementor-widget elementor-widget-ct_fancy_box\" data-id=\"10daed67\" data-element_type=\"widget\" data-widget_type=\"ct_fancy_box.default\">\n\t\t\t\t<div class=\"elementor-widget-container\">\n\t\t\t<div class=\"ct-fancy-box ct-fancy-box-layout1 style1 wow fadeInUp\" data-wow-delay=\"ms\">\r\n            <div class=\"item--icon\">\r\n            <i aria-hidden=\"true\" class=\"flaticon flaticon-pin\"><\/i>        <\/div>\r\n            <div class=\"item--holder\">\r\n        <h3 class=\"item--title fs-title-sm\">\r\n            Notre adresse         <\/h3>\r\n        <div class=\"item--description fs-desc-md\">Avenue de l'Hippodrome 147 \u00e0\n1050 Bruxelles (Ixelles)<\/div>\r\n    <\/div>\r\n\r\n            <a class=\"item--link\" href=\"https:\/\/www.google.be\/maps\/place\/Periactes+Broadcast+Solutions\/@50.8190055,4.3755651,963m\/data=!3m2!1e3!4b1!4m6!3m5!1s0x47c3c4ea71402ecd:0xda19951625d7ce78!8m2!3d50.8190055!4d4.3781454!16s%2Fg%2F1tj2mmln?entry=ttu&amp;g_ep=EgoyMDI2MDQwOC4wIKXMDSoASAFQAw%3D%3D\"><\/a>\r\n    <\/div>\t\t<\/div>\n\t\t\t\t<\/div>\n\t\t\t\t<div class=\"elementor-element elementor-element-2f2d6e16 elementor-widget elementor-widget-ct_fancy_box\" data-id=\"2f2d6e16\" data-element_type=\"widget\" data-widget_type=\"ct_fancy_box.default\">\n\t\t\t\t<div class=\"elementor-widget-container\">\n\t\t\t<div class=\"ct-fancy-box ct-fancy-box-layout1 style1 wow fadeInUp\" data-wow-delay=\"50ms\">\r\n            <div class=\"item--icon\">\r\n            <i aria-hidden=\"true\" class=\"flaticon flaticon-phone\"><\/i>        <\/div>\r\n            <div class=\"item--holder\">\r\n        <h3 class=\"item--title fs-title-sm\">\r\n            Num\u00e9ro de t\u00e9l\u00e9phone        <\/h3>\r\n        <div class=\"item--description fs-desc-md\">+32 2 649 80 89<\/div>\r\n    <\/div>\r\n\r\n            <a class=\"item--link\" href=\"tel:+32 2 649 80 89\"><\/a>\r\n    <\/div>\t\t<\/div>\n\t\t\t\t<\/div>\n\t\t\t\t<div class=\"elementor-element elementor-element-368159ac elementor-widget elementor-widget-ct_fancy_box\" data-id=\"368159ac\" data-element_type=\"widget\" data-widget_type=\"ct_fancy_box.default\">\n\t\t\t\t<div class=\"elementor-widget-container\">\n\t\t\t<div class=\"ct-fancy-box ct-fancy-box-layout1 style1 wow fadeInUp\" data-wow-delay=\"100ms\">\r\n            <div class=\"item--icon\">\r\n            <i aria-hidden=\"true\" class=\"flaticon flaticon-mail\"><\/i>        <\/div>\r\n            <div class=\"item--holder\">\r\n        <h3 class=\"item--title fs-title-sm\">\r\n            Adresse mail         <\/h3>\r\n        <div class=\"item--description fs-desc-md\">support@periactes.com<\/div>\r\n    <\/div>\r\n\r\n            <a class=\"item--link\" href=\"mailto:support@periactes.com\"><\/a>\r\n    <\/div>\t\t<\/div>\n\t\t\t\t<\/div>\n\t\t            <\/div>\n        <\/div>\n                <div class=\"elementor-column elementor-col-50 elementor-top-column elementor-element elementor-element-694add6\" data-id=\"694add6\" data-element_type=\"column\">\n            <div class=\"elementor-widget-wrap\">\n                                    <\/div>\n        <\/div>\n                            <\/div>\n        <\/section>\n                <section class=\"elementor-section elementor-top-section elementor-element elementor-element-6e88157d elementor-section-stretched elementor-section-boxed elementor-section-height-default elementor-section-height-default\" data-id=\"6e88157d\" data-element_type=\"section\" data-settings=\"{&quot;stretch_section&quot;:&quot;section-stretched&quot;,&quot;background_background&quot;:&quot;classic&quot;}\">\n                            <div class=\"elementor-background-overlay\"><\/div>\n                \n                        <div class=\"elementor-container elementor-column-gap-extended\">\n                    <div class=\"elementor-column elementor-col-50 elementor-top-column elementor-element elementor-element-63e9c020\" data-id=\"63e9c020\" data-element_type=\"column\">\n            <div class=\"elementor-widget-wrap\">\n                                    <\/div>\n        <\/div>\n                <div class=\"elementor-column elementor-col-50 elementor-top-column elementor-element elementor-element-4d215c7d\" data-id=\"4d215c7d\" data-element_type=\"column\">\n            <div class=\"elementor-widget-wrap elementor-element-populated\">\n                        \t\t<div class=\"elementor-element elementor-element-4b8548bf elementor-widget elementor-widget-ct_heading\" data-id=\"4b8548bf\" data-element_type=\"widget\" data-widget_type=\"ct_heading.default\">\n\t\t\t\t<div class=\"elementor-widget-container\">\n\t\t\t<div class=\"ct-heading h-align-  ct-heading-left item-st-default\" data-wow-delay=\"ms\">\r\n\t    <h3 class=\"item--title st-default\">\r\n        <span>\r\n            Prendre contact        <\/span>\r\n    <\/h3>\r\n<\/div>\t\t<\/div>\n\t\t\t\t<\/div>\n\t\t\t\t<div class=\"elementor-element elementor-element-47be0e0 elementor-widget elementor-widget-ct_text_editor\" data-id=\"47be0e0\" data-element_type=\"widget\" data-widget_type=\"ct_text_editor.default\">\n\t\t\t\t<div class=\"elementor-widget-container\">\n\t\t\t<div id=\"ct_text_editor-47be0e0\" class=\"ct-text-editor\" data-wow-delay=\"ms\">\n\t<div class=\"ct-inline-css\"  data-css=\"        \t\t\">\n\n    <\/div>\n\t<div class=\"ct-text-editor elementor-clearfix\">\n\t\t<p>Vous voulez discutez de votre projets avec l&#8217;un de nos commerciaux, planifier un rendez-vous et recevez notre expertise simplement.<\/p>\t\t\n\t<\/div>\n<\/div>\t\t<\/div>\n\t\t\t\t<\/div>\n\t\t\t\t<div class=\"elementor-element elementor-element-5c658ec9 elementor-widget elementor-widget-ct_button\" data-id=\"5c658ec9\" data-element_type=\"widget\" data-widget_type=\"ct_button.default\">\n\t\t\t\t<div class=\"elementor-widget-container\">\n\t\t\t<div class=\"ct-button-wrapper ct-button-layout1\">\r\n            <span class=\"ct-icon-active\"><\/span>\r\n        <a href=\"https:\/\/www.periactes.com\/en\/contact\/\" class=\"btn btn-primary-normal  icon-ps-right\" data-wow-delay=\"ms\">\r\n                            <span class=\"ct-button-icon ct-align-icon-right\">\r\n                <i aria-hidden=\"true\" class=\"flaticon flaticon-arrow\"><\/i>            <\/span>\r\n                <span class=\"ct-button-text\">Nous contacter <\/span>\r\n    <\/a>\r\n<\/div>\t\t<\/div>\n\t\t\t\t<\/div>\n\t\t            <\/div>\n        <\/div>\n                            <\/div>\n        <\/section>\n        \t\t\t\t<\/div>\n\t\t\t\t\t<\/div>","protected":false},"excerpt":{"rendered":"<p>Contactez nous Trouvez nos coordonn\u00e9es pour nous joindre plus facilement. Notre adresse Avenue de l&#8217;Hippodrome 147 \u00e0 1050 Bruxelles (Ixelles) Num\u00e9ro de t\u00e9l\u00e9phone +32 2 649 80 89 Adresse mail support@periactes.com Prendre contact Vous voulez discutez de votre projets avec l&#8217;un de nos commerciaux, planifier un rendez-vous et recevez notre expertise simplement. Nous contacter<\/p>","protected":false},"author":1,"featured_media":0,"parent":0,"menu_order":0,"comment_status":"closed","ping_status":"closed","template":"","meta":[],"_links":{"self":[{"href":"https:\/\/www.periactes.com\/en\/wp-json\/wp\/v2\/pages\/166"}],"collection":[{"href":"https:\/\/www.periactes.com\/en\/wp-json\/wp\/v2\/pages"}],"about":[{"href":"https:\/\/www.periactes.com\/en\/wp-json\/wp\/v2\/types\/page"}],"author":[{"embeddable":true,"href":"https:\/\/www.periactes.com\/en\/wp-json\/wp\/v2\/users\/1"}],"replies":[{"embeddable":true,"href":"https:\/\/www.periactes.com\/en\/wp-json\/wp\/v2\/comments?post=166"}],"version-history":[{"count":57,"href":"https:\/\/www.periactes.com\/en\/wp-json\/wp\/v2\/pages\/166\/revisions"}],"predecessor-version":[{"id":8305,"href":"https:\/\/www.periactes.com\/en\/wp-json\/wp\/v2\/pages\/166\/revisions\/8305"}],"wp:attachment":[{"href":"https:\/\/www.periactes.com\/en\/wp-json\/wp\/v2\/media?parent=166"}],"curies":[{"name":"wp","href":"https:\/\/api.w.org\/{rel}","templated":true}]}}