{"id":192,"date":"2020-09-01T10:21:49","date_gmt":"2020-09-01T10:21:49","guid":{"rendered":"https:\/\/demo.casethemes.net\/bixol\/?page_id=192"},"modified":"2023-07-25T09:27:35","modified_gmt":"2023-07-25T09:27:35","slug":"realisations","status":"publish","type":"page","link":"https:\/\/www.periactes.com\/en\/realisations\/","title":{"rendered":"R\u00e9alisations"},"content":{"rendered":"<div data-elementor-type=\"wp-page\" data-elementor-id=\"192\" class=\"elementor elementor-192\" data-elementor-settings=\"[]\">\n\t\t\t\t\t\t\t<div class=\"elementor-section-wrap\">\n\t\t\t\t\t        <section class=\"elementor-section elementor-top-section elementor-element elementor-element-3f319176 elementor-section-stretched elementor-section-boxed elementor-section-height-default elementor-section-height-default\" data-id=\"3f319176\" data-element_type=\"section\" data-settings=\"{&quot;stretch_section&quot;:&quot;section-stretched&quot;,&quot;background_background&quot;:&quot;classic&quot;}\">\n            \n                        <div class=\"elementor-container elementor-column-gap-extended\">\n                    <div class=\"elementor-column elementor-col-100 elementor-top-column elementor-element elementor-element-1ac64059\" data-id=\"1ac64059\" data-element_type=\"column\">\n            <div class=\"elementor-widget-wrap elementor-element-populated\">\n                                <section class=\"elementor-section elementor-inner-section elementor-element elementor-element-4a8550ed elementor-section-content-middle elementor-section-boxed elementor-section-height-default elementor-section-height-default\" data-id=\"4a8550ed\" data-element_type=\"section\">\n            \n                        <div class=\"elementor-container elementor-column-gap-extended\">\n                    <div class=\"elementor-column elementor-col-50 elementor-inner-column elementor-element elementor-element-71c22709\" data-id=\"71c22709\" data-element_type=\"column\">\n            <div class=\"elementor-widget-wrap elementor-element-populated\">\n                        \t\t<div class=\"elementor-element elementor-element-558809e5 elementor-widget elementor-widget-ct_heading\" data-id=\"558809e5\" data-element_type=\"widget\" data-widget_type=\"ct_heading.default\">\n\t\t\t\t<div class=\"elementor-widget-container\">\n\t\t\t<div class=\"ct-heading h-align-  ct-heading-left item-st-default\" data-wow-delay=\"ms\">\r\n\t\t\t<div class=\"item--sub-title st-default\">\r\n            <div class=\"item--sub-title-inner\">\r\n                                    <div class=\"icon-sub-title\">\r\n                        <svg version=\"1.0\" xmlns=\"http:\/\/www.w3.org\/2000\/svg\" viewbox=\"0 0 382.000000 382.000000\" preserveaspectratio=\"xMidYMid meet\">\r\n                            <defs>\r\n                                <lineargradient id=\"sub-icon1\" x1=\"0%\" y1=\"0%\" x2=\"0%\" y2=\"100%\">\r\n                                      <stop offset=\"0%\" style=\"stop-color:#0a0000;stop-opacity:1\" \/>\r\n                                      <stop offset=\"100%\" style=\"stop-color:#0a0000;stop-opacity:1\" \/>\r\n                                <\/lineargradient>\r\n                              <\/defs>\r\n                            <g fill=\"url(#sub-icon1)\" transform=\"translate(0.000000,382.000000) scale(0.100000,-0.100000)\" stroke=\"none\"><path d=\"M1856 3797 c-20 -20 -23 -36 -29 -142 -50 -901 -761 -1612 -1662 -1662 -106 -6 -122 -9 -142 -29 -30 -30 -30 -78 0 -108 20 -20 36 -23 142 -29 901 -50 1612 -761 1662 -1662 6 -106 9 -122 29 -142 30 -30 78 -30 108 0 20 20 23 36 29 142 50 901 761 1612 1662 1662 106 6 122 9 142 29 30 30 30 78 0 108 -20 20 -36 23 -142 29 -901 50 -1612 761 -1662 1662 -6 106 -9 122 -29 142 -14 14 -35 23 -54 23 -19 0 -40 -9 -54 -23z\"\/><\/g>\r\n                        <\/svg>\r\n                        <svg version=\"1.0\" xmlns=\"http:\/\/www.w3.org\/2000\/svg\" viewbox=\"0 0 382.000000 382.000000\" preserveaspectratio=\"xMidYMid meet\">\r\n                            <defs>\r\n                                <lineargradient id=\"sub-icon2\" x1=\"0%\" y1=\"0%\" x2=\"0%\" y2=\"100%\">\r\n                                      <stop offset=\"0%\" style=\"stop-color:#0a0000;stop-opacity:1\" \/>\r\n                                      <stop offset=\"100%\" style=\"stop-color:#0a0000;stop-opacity:1\" \/>\r\n                                <\/lineargradient>\r\n                              <\/defs>\r\n                            <g fill=\"url(#sub-icon2)\" transform=\"translate(0.000000,382.000000) scale(0.100000,-0.100000)\" stroke=\"none\"><path d=\"M1856 3797 c-20 -20 -23 -36 -29 -142 -50 -901 -761 -1612 -1662 -1662 -106 -6 -122 -9 -142 -29 -30 -30 -30 -78 0 -108 20 -20 36 -23 142 -29 901 -50 1612 -761 1662 -1662 6 -106 9 -122 29 -142 30 -30 78 -30 108 0 20 20 23 36 29 142 50 901 761 1612 1662 1662 106 6 122 9 142 29 30 30 30 78 0 108 -20 20 -36 23 -142 29 -901 50 -1612 761 -1662 1662 -6 106 -9 122 -29 142 -14 14 -35 23 -54 23 -19 0 -40 -9 -54 -23z\"\/><\/g>\r\n                        <\/svg>\r\n                        <svg version=\"1.0\" xmlns=\"http:\/\/www.w3.org\/2000\/svg\" viewbox=\"0 0 382.000000 382.000000\" preserveaspectratio=\"xMidYMid meet\">\r\n                            <defs>\r\n                                <lineargradient id=\"sub-icon3\" x1=\"0%\" y1=\"0%\" x2=\"0%\" y2=\"100%\">\r\n                                      <stop offset=\"0%\" style=\"stop-color:#0a0000;stop-opacity:1\" \/>\r\n                                      <stop offset=\"100%\" style=\"stop-color:#0a0000;stop-opacity:1\" \/>\r\n                                <\/lineargradient>\r\n                              <\/defs>\r\n                            <g fill=\"url(#sub-icon3)\" transform=\"translate(0.000000,382.000000) scale(0.100000,-0.100000)\" stroke=\"none\"><path d=\"M1856 3797 c-20 -20 -23 -36 -29 -142 -50 -901 -761 -1612 -1662 -1662 -106 -6 -122 -9 -142 -29 -30 -30 -30 -78 0 -108 20 -20 36 -23 142 -29 901 -50 1612 -761 1662 -1662 6 -106 9 -122 29 -142 30 -30 78 -30 108 0 20 20 23 36 29 142 50 901 761 1612 1662 1662 106 6 122 9 142 29 30 30 30 78 0 108 -20 20 -36 23 -142 29 -901 50 -1612 761 -1662 1662 -6 106 -9 122 -29 142 -14 14 -35 23 -54 23 -19 0 -40 -9 -54 -23z\"\/><\/g>\r\n                        <\/svg>\r\n                    <\/div>\r\n                                Article \u00e0 la une            <\/div>\r\n        <\/div>\r\n\t    <h3 class=\"item--title st-default\">\r\n        <span>\r\n            D\u00e9couvrez nos derni\u00e8res <small>r\u00e9alisations.<\/small>        <\/span>\r\n    <\/h3>\r\n<\/div>\t\t<\/div>\n\t\t\t\t<\/div>\n\t\t            <\/div>\n        <\/div>\n                <div class=\"elementor-column elementor-col-50 elementor-inner-column elementor-element elementor-element-49655c2c\" data-id=\"49655c2c\" data-element_type=\"column\">\n            <div class=\"elementor-widget-wrap elementor-element-populated\">\n                        \t\t<div class=\"elementor-element elementor-element-47b46a8c elementor-widget elementor-widget-ct_text_editor\" data-id=\"47b46a8c\" data-element_type=\"widget\" data-widget_type=\"ct_text_editor.default\">\n\t\t\t\t<div class=\"elementor-widget-container\">\n\t\t\t<div id=\"ct_text_editor-47b46a8c\" class=\"ct-text-editor\" data-wow-delay=\"ms\">\n\t<div class=\"ct-inline-css\"  data-css=\"        \t\t\">\n\n    <\/div>\n\t<div class=\"ct-text-editor elementor-clearfix\">\n\t\t<p>Suivez nos derni\u00e8res r\u00e9alisation et r\u00e9flexions qui se concentrent exclusivement sur nos solutions broadcast audiovisuel !<\/p>\t\t\n\t<\/div>\n<\/div>\t\t<\/div>\n\t\t\t\t<\/div>\n\t\t            <\/div>\n        <\/div>\n                            <\/div>\n        <\/section>\n        \t\t<div class=\"elementor-element elementor-element-7e635d62 elementor-widget elementor-widget-ct_blog_carousel\" data-id=\"7e635d62\" data-element_type=\"widget\" data-widget_type=\"ct_blog_carousel.default\">\n\t\t\t\t<div class=\"elementor-widget-container\">\n\t\t\t\r\n<div id=\"ct_blog_carousel-7e635d62\" class=\"ct-blog-carousel-layout2 ct-slick-slider\">\r\n    <div class=\"ct-carousel-inner\">\r\n        <div class=\"ct-slick-carousel\" data-arrows=\"false\" data-dots=\"true\" data-pauseonhover=\"true\" data-autoplay=\"false\" data-autoplayspeed=\"5000\" data-infinite=\"true\" data-speed=\"500\" data-dir=\"false\" data-colxs=\"1\" data-colsm=\"2\" data-colmd=\"2\" data-collg=\"3\" data-colxl=\"3\" data-slidestoscroll=\"2\">\r\n\r\n                    <div class=\"carousel-item slick-slide\">\r\n                <div class=\"grid-item-inner\">\r\n                                            <div class=\"item--featured image-effect-white\">\r\n                            <a href=\"https:\/\/www.periactes.com\/en\/arabel\/\"><img class=\"no-lazyload\" src=\"https:\/\/www.periactes.com\/wp-content\/uploads\/2023\/07\/Arabel-370x250.png\" width=\"370\" height=\"250\" alt=\"Arabel\" title=\"Arabel\" \/><\/a>\r\n                        <\/div>\r\n                                        <div class=\"item--body\">\r\n                        <div class=\"item--holder\">\r\n                                                            <ul class=\"item--meta\">\r\n                                                                            <li class=\"item-date\"><i class=\"fac fac-calendar-alt\"><\/i>July 17, 2023<\/li>\r\n                                                                                                                <li class=\"item-author\">\r\n                                            <a href=\"https:\/\/www.periactes.com\/en\/author\/nanounaj\/\"><i class=\"fac fac-user\"><\/i>Periactes<\/a><\/li>\r\n                                                                    <\/ul>\r\n                                                        <h3 class=\"item--title\"><a href=\"https:\/\/www.periactes.com\/en\/arabel\/\">Arabel FM<\/a><\/h3>\r\n                                                            <div class=\"item--readmore\">\r\n                                    <a href=\"https:\/\/www.periactes.com\/en\/arabel\/\">\r\n                                        Read more                                        <i class=\"fac fac-angle-double-right space-left\"><\/i>\r\n                                    <\/a>\r\n                                <\/div>\r\n                                                    <\/div>\r\n                    <\/div>\r\n                <\/div>\r\n            <\/div>\r\n                    <div class=\"carousel-item slick-slide\">\r\n                <div class=\"grid-item-inner\">\r\n                                            <div class=\"item--featured image-effect-white\">\r\n                            <a href=\"https:\/\/www.periactes.com\/en\/rti-television-ivoirienne\/\"><img class=\"no-lazyload\" src=\"https:\/\/www.periactes.com\/wp-content\/uploads\/2023\/07\/RTI-Banner-370x250.png\" width=\"370\" height=\"250\" alt=\"RTI-Banner\" title=\"RTI-Banner\" \/><\/a>\r\n                        <\/div>\r\n                                        <div class=\"item--body\">\r\n                        <div class=\"item--holder\">\r\n                                                            <ul class=\"item--meta\">\r\n                                                                            <li class=\"item-date\"><i class=\"fac fac-calendar-alt\"><\/i>July 17, 2023<\/li>\r\n                                                                                                                <li class=\"item-author\">\r\n                                            <a href=\"https:\/\/www.periactes.com\/en\/author\/nanounaj\/\"><i class=\"fac fac-user\"><\/i>Periactes<\/a><\/li>\r\n                                                                    <\/ul>\r\n                                                        <h3 class=\"item--title\"><a href=\"https:\/\/www.periactes.com\/en\/rti-television-ivoirienne\/\">RTI T\u00e9l\u00e9vision Ivoirienne<\/a><\/h3>\r\n                                                            <div class=\"item--readmore\">\r\n                                    <a href=\"https:\/\/www.periactes.com\/en\/rti-television-ivoirienne\/\">\r\n                                        Read more                                        <i class=\"fac fac-angle-double-right space-left\"><\/i>\r\n                                    <\/a>\r\n                                <\/div>\r\n                                                    <\/div>\r\n                    <\/div>\r\n                <\/div>\r\n            <\/div>\r\n                    <div class=\"carousel-item slick-slide\">\r\n                <div class=\"grid-item-inner\">\r\n                                            <div class=\"item--featured image-effect-white\">\r\n                            <a href=\"https:\/\/www.periactes.com\/en\/betv\/\"><img class=\"no-lazyload\" src=\"https:\/\/www.periactes.com\/wp-content\/uploads\/2021\/10\/Betv-introduction-blog_2018-02-27-12-12-27_cache-1-370x250.jpg\" width=\"370\" height=\"250\" alt=\"Betv-introduction-blog_2018-02-27-12-12-27_cache (1)\" title=\"Betv-introduction-blog_2018-02-27-12-12-27_cache (1)\" \/><\/a>\r\n                        <\/div>\r\n                                        <div class=\"item--body\">\r\n                        <div class=\"item--holder\">\r\n                                                            <ul class=\"item--meta\">\r\n                                                                            <li class=\"item-date\"><i class=\"fac fac-calendar-alt\"><\/i>October 25, 2022<\/li>\r\n                                                                                                                <li class=\"item-author\">\r\n                                            <a href=\"https:\/\/www.periactes.com\/en\/author\/admin\/\"><i class=\"fac fac-user\"><\/i>Naaman Fetouaki<\/a><\/li>\r\n                                                                    <\/ul>\r\n                                                        <h3 class=\"item--title\"><a href=\"https:\/\/www.periactes.com\/en\/betv\/\">Nouveau studio \u00e0 BETV<\/a><\/h3>\r\n                                                            <div class=\"item--readmore\">\r\n                                    <a href=\"https:\/\/www.periactes.com\/en\/betv\/\">\r\n                                        Read more                                        <i class=\"fac fac-angle-double-right space-left\"><\/i>\r\n                                    <\/a>\r\n                                <\/div>\r\n                                                    <\/div>\r\n                    <\/div>\r\n                <\/div>\r\n            <\/div>\r\n                <\/div>\r\n    <\/div>\r\n<\/div>\r\n\t\t<\/div>\n\t\t\t\t<\/div>\n\t\t            <\/div>\n        <\/div>\n                            <\/div>\n        <\/section>\n        \t\t\t\t<\/div>\n\t\t\t\t\t<\/div>","protected":false},"excerpt":{"rendered":"<p>Article \u00e0 la une D\u00e9couvrez nos derni\u00e8res r\u00e9alisations. Suivez nos derni\u00e8res r\u00e9alisation et r\u00e9flexions qui se concentrent exclusivement sur nos solutions broadcast audiovisuel ! juillet 17, 2023 Periactes Radio Arabel Read more juillet 17, 2023 Periactes RTI T\u00e9l\u00e9vision Ivoirienne Read more octobre 25, 2022 Naaman Fetouaki Nouveau studio \u00e0 BETV Read more<\/p>","protected":false},"author":1,"featured_media":0,"parent":0,"menu_order":0,"comment_status":"closed","ping_status":"closed","template":"","meta":[],"_links":{"self":[{"href":"https:\/\/www.periactes.com\/en\/wp-json\/wp\/v2\/pages\/192"}],"collection":[{"href":"https:\/\/www.periactes.com\/en\/wp-json\/wp\/v2\/pages"}],"about":[{"href":"https:\/\/www.periactes.com\/en\/wp-json\/wp\/v2\/types\/page"}],"author":[{"embeddable":true,"href":"https:\/\/www.periactes.com\/en\/wp-json\/wp\/v2\/users\/1"}],"replies":[{"embeddable":true,"href":"https:\/\/www.periactes.com\/en\/wp-json\/wp\/v2\/comments?post=192"}],"version-history":[{"count":16,"href":"https:\/\/www.periactes.com\/en\/wp-json\/wp\/v2\/pages\/192\/revisions"}],"predecessor-version":[{"id":7503,"href":"https:\/\/www.periactes.com\/en\/wp-json\/wp\/v2\/pages\/192\/revisions\/7503"}],"wp:attachment":[{"href":"https:\/\/www.periactes.com\/en\/wp-json\/wp\/v2\/media?parent=192"}],"curies":[{"name":"wp","href":"https:\/\/api.w.org\/{rel}","templated":true}]}}